{"id":227,"date":"2020-12-11T10:06:22","date_gmt":"2020-12-11T10:06:22","guid":{"rendered":"http:\/\/slidesigma.com\/themes\/wp\/blacky\/?page_id=227"},"modified":"2025-10-10T15:15:02","modified_gmt":"2025-10-10T13:15:02","slug":"home","status":"publish","type":"page","link":"https:\/\/luxuryjersey.info\/en\/","title":{"rendered":"Home"},"content":{"rendered":"<div data-vc-full-width=\"true\" data-vc-full-width-init=\"false\" data-vc-stretch-content=\"true\" class=\"vc_row wpb_row vc_row-fluid sigma-subheader style-3 sigma-bg-color-transparent sigma-background-position-left-top sigma-title-color-default vc_row-no-padding\"><div class=\"wpb_column vc_column_container vc_col-sm-12 sigma-bg-color-transparent sigma-background-position-left-top sigma-title-color-default\"><div class=\"vc_column-inner\"><div class=\"wpb_wrapper\">\n\t\t\t<!-- START Slider 1 REVOLUTION SLIDER 6.3.3 --><p class=\"rs-p-wp-fix\"><\/p>\n\t\t\t<rs-module-wrap id=\"rev_slider_1_1_wrapper\" data-source=\"gallery\" style=\"background:transparent;padding:0;margin:0px auto;margin-top:0;margin-bottom:0;\">\n\t\t\t\t<rs-module id=\"rev_slider_1_1\" style=\"\" data-version=\"6.3.3\">\n\t\t\t\t\t<rs-slides>\n\t\t\t\t\t\t<rs-slide data-key=\"rs-1\" data-title=\"Slide 1\" data-anim=\"ei:d;eo:d;s:1000;r:0;t:fade;sl:0;\">\n\t\t\t\t\t\t\t<img decoding=\"async\" src=\"\/\/luxuryjersey.info\/wp-content\/plugins\/revslider\/public\/assets\/assets\/transparent.png\" alt=\"Slide 1\" title=\"Home\" class=\"rev-slidebg\" data-no-retina>\n<!--\t\t\t\t\t\t--><rs-zone id=\"rrzm_1\" class=\"rev_row_zone_middle\" style=\"z-index: 12;\"><!--\n\n\t\t\t\t\t\t\t\t--><rs-row\n\t\t\t\t\t\t\t\t\tid=\"slider-1-slide-1-layer-12\" \n\t\t\t\t\t\t\t\t\tdata-type=\"row\"\n\t\t\t\t\t\t\t\t\tdata-xy=\"xo:50px;yo:363px;\"\n\t\t\t\t\t\t\t\t\tdata-rsp_bd=\"off\"\n\t\t\t\t\t\t\t\t\tdata-margin=\"b:150,150,150,60;l:67,67,60,5;\"\n\t\t\t\t\t\t\t\t\tdata-padding=\"t:10;r:10;b:10;l:10;\"\n\t\t\t\t\t\t\t\t\tdata-frame_0=\"o:1;\"\n\t\t\t\t\t\t\t\t\tdata-frame_999=\"o:0;st:w;sA:9000;\"\n\t\t\t\t\t\t\t\t\tstyle=\"z-index:1;\"\n\t\t\t\t\t\t\t\t><!--\n\t\t\t\t\t\t\t\t\t--><rs-column\n\t\t\t\t\t\t\t\t\t\tid=\"slider-1-slide-1-layer-13\" \n\t\t\t\t\t\t\t\t\t\tdata-type=\"column\"\n\t\t\t\t\t\t\t\t\t\tdata-xy=\"xo:50px;yo:363px;\"\n\t\t\t\t\t\t\t\t\t\tdata-rsp_bd=\"off\"\n\t\t\t\t\t\t\t\t\t\tdata-column=\"w:50%;\"\n\t\t\t\t\t\t\t\t\t\tdata-padding=\"t:10;r:10,10,10,20;b:10;l:10,10,10,20;\"\n\t\t\t\t\t\t\t\t\t\tdata-frame_0=\"o:1;\"\n\t\t\t\t\t\t\t\t\t\tdata-frame_999=\"o:0;st:w;sA:9000;\"\n\t\t\t\t\t\t\t\t\t\tstyle=\"z-index:2;width:100%;\"\n\t\t\t\t\t\t\t\t\t><!--\n\t\t\t\t\t\t\t\t\t\t--><rs-layer\n\t\t\t\t\t\t\t\t\t\t\tid=\"slider-1-slide-1-layer-11\" \n\t\t\t\t\t\t\t\t\t\t\tdata-type=\"text\"\n\t\t\t\t\t\t\t\t\t\t\tdata-color=\"#03c6de\"\n\t\t\t\t\t\t\t\t\t\t\tdata-rsp_ch=\"on\"\n\t\t\t\t\t\t\t\t\t\t\tdata-xy=\"x:c;y:m;\"\n\t\t\t\t\t\t\t\t\t\t\tdata-text=\"w:normal;l:25,24,34,34;fw:700;\"\n\t\t\t\t\t\t\t\t\t\t\tdata-dim=\"w:100%;\"\n\t\t\t\t\t\t\t\t\t\t\tdata-margin=\"b:5,4,3,2;\"\n\t\t\t\t\t\t\t\t\t\t\tdata-frame_999=\"o:0;st:w;\"\n\t\t\t\t\t\t\t\t\t\t\tstyle=\"z-index:3;font-family:Raleway;text-transform:uppercase;\"\n\t\t\t\t\t\t\t\t\t\t>Luxury Jersey \n\t\t\t\t\t\t\t\t\t\t<\/rs-layer><!--\n\n\t\t\t\t\t\t\t\t\t\t--><h1\n\t\t\t\t\t\t\t\t\t\t\tid=\"slider-1-slide-1-layer-16\" \n\t\t\t\t\t\t\t\t\t\t\tclass=\"rs-layer\"\n\t\t\t\t\t\t\t\t\t\t\tdata-type=\"text\"\n\t\t\t\t\t\t\t\t\t\t\tdata-xy=\"x:c;yo:434px,358px,271px,167px;\"\n\t\t\t\t\t\t\t\t\t\t\tdata-text=\"w:normal;s:50,50,40,30;l:55,60,48,36;fw:800;\"\n\t\t\t\t\t\t\t\t\t\t\tdata-dim=\"w:100%,85%,90%,100%;\"\n\t\t\t\t\t\t\t\t\t\t\tdata-rsp_bd=\"off\"\n\t\t\t\t\t\t\t\t\t\t\tdata-margin=\"b:15,12,9,6;\"\n\t\t\t\t\t\t\t\t\t\t\tdata-frame_999=\"o:0;st:w;\"\n\t\t\t\t\t\t\t\t\t\t\tstyle=\"z-index:4;font-family:Raleway;text-transform:uppercase;\"\n\t\t\t\t\t\t\t\t\t\t>Sostenibilit\u00e0<br>e Innovazione \n\t\t\t\t\t\t\t\t\t\t<\/h1><!--\n\n\t\t\t\t\t\t\t\t\t\t--><rs-layer\n\t\t\t\t\t\t\t\t\t\t\tid=\"slider-1-slide-1-layer-17\" \n\t\t\t\t\t\t\t\t\t\t\tdata-type=\"text\"\n\t\t\t\t\t\t\t\t\t\t\tdata-xy=\"xo:50px,41px,31px,19px;yo:313px,258px,196px,120px;\"\n\t\t\t\t\t\t\t\t\t\t\tdata-text=\"w:normal;s:16;l:30,29,29,29;\"\n\t\t\t\t\t\t\t\t\t\t\tdata-dim=\"w:100%,85%,90%,100%;\"\n\t\t\t\t\t\t\t\t\t\t\tdata-rsp_bd=\"off\"\n\t\t\t\t\t\t\t\t\t\t\tdata-margin=\"b:20,17,13,8;\"\n\t\t\t\t\t\t\t\t\t\t\tdata-frame_999=\"o:0;st:w;\"\n\t\t\t\t\t\t\t\t\t\t\tstyle=\"z-index:5;font-family:Open Sans;\"\n\t\t\t\t\t\t\t\t\t\t><i>\"le nuove interpretazioni del Jersey\"<\/i> \n\t\t\t\t\t\t\t\t\t\t<\/rs-layer><!--\n\t\t\t\t\t\t\t\t\t--><\/rs-column><!--\n\n\t\t\t\t\t\t\t\t\t--><rs-column\n\t\t\t\t\t\t\t\t\t\tid=\"slider-1-slide-1-layer-4\" \n\t\t\t\t\t\t\t\t\t\tdata-type=\"column\"\n\t\t\t\t\t\t\t\t\t\tdata-xy=\"xo:50px;yo:50px;\"\n\t\t\t\t\t\t\t\t\t\tdata-rsp_bd=\"off\"\n\t\t\t\t\t\t\t\t\t\tdata-column=\"w:50%;\"\n\t\t\t\t\t\t\t\t\t\tdata-padding=\"t:10;r:10;b:10;l:10;\"\n\t\t\t\t\t\t\t\t\t\tdata-frame_0=\"o:1;\"\n\t\t\t\t\t\t\t\t\t\tdata-frame_999=\"o:0;st:w;sA:9000;\"\n\t\t\t\t\t\t\t\t\t\tstyle=\"z-index:6;background:url('https:\/\/luxuryjersey.info\/wp-content\/uploads\/2022\/11\/tondo.png') no-repeat center center;background-size:contain;width:100%;\"\n\t\t\t\t\t\t\t\t\t><!--\t\t\t\t\t\t\t\t\t--><\/rs-column><!--\n\t\t\t\t\t\t\t\t--><\/rs-row><!--\n\t\t\t\t\t\t\t--><\/rs-zone><!--\n-->\t\t\t\t\t\t<\/rs-slide>\n\t\t\t\t\t<\/rs-slides>\n\t\t\t\t\t<rs-static-layers class=\"rs-stl-back\"><!--\n\n\t\t\t\t\t\t\t--><rs-layer\n\t\t\t\t\t\t\t\tid=\"slider-1-slide-1-layer-0\" \n\t\t\t\t\t\t\t\tclass=\"rs-layer-static\"\n\t\t\t\t\t\t\t\tdata-type=\"image\"\n\t\t\t\t\t\t\t\tdata-rsp_ch=\"on\"\n\t\t\t\t\t\t\t\tdata-xy=\"x:c;y:b;\"\n\t\t\t\t\t\t\t\tdata-text=\"w:normal;s:20,16,12,7;l:0,20,15,9;\"\n\t\t\t\t\t\t\t\tdata-dim=\"w:['100%','100%','100%','100%'];h:['100%','100%','100%','100%'];\"\n\t\t\t\t\t\t\t\tdata-basealign=\"slide\"\n\t\t\t\t\t\t\t\tdata-onslides=\"s:1;\"\n\t\t\t\t\t\t\t\tdata-frame_999=\"o:0;st:w;sR:8700;\"\n\t\t\t\t\t\t\t\tstyle=\"z-index:8;\"\n\t\t\t\t\t\t\t> \n\t\t\t\t\t\t\t<\/rs-layer><!--\n\n\t\t\t\t\t\t\t--><rs-layer\n\t\t\t\t\t\t\t\tid=\"slider-1-slide-1-layer-7\" \n\t\t\t\t\t\t\t\tclass=\"rs-layer-static\"\n\t\t\t\t\t\t\t\tdata-type=\"image\"\n\t\t\t\t\t\t\t\tdata-rsp_ch=\"on\"\n\t\t\t\t\t\t\t\tdata-xy=\"x:r;xo:-80px,-66px,-50px,-30px;y:b;yo:3px,2px,1px,0;\"\n\t\t\t\t\t\t\t\tdata-text=\"w:normal;s:20,16,12,7;l:0,20,15,9;\"\n\t\t\t\t\t\t\t\tdata-dim=\"w:160px,132px,100px,61px;h:160px,132px,100px,61px;\"\n\t\t\t\t\t\t\t\tdata-vbility=\"t,t,f,f\"\n\t\t\t\t\t\t\t\tdata-basealign=\"slide\"\n\t\t\t\t\t\t\t\tdata-onslides=\"s:1;\"\n\t\t\t\t\t\t\t\tdata-frame_999=\"o:0;st:w;sR:8700;\"\n\t\t\t\t\t\t\t\tstyle=\"z-index:12;\"\n\t\t\t\t\t\t\t> \n\t\t\t\t\t\t\t<\/rs-layer><!--\n\t\t\t\t\t--><\/rs-static-layers>\n\t\t\t\t<\/rs-module>\n\t\t\t\t<script type=\"text\/javascript\">\n\t\t\t\t\tsetREVStartSize({c: 'rev_slider_1_1',rl:[1240,1024,778,480],el:[935,875,851,600],gw:[1240,1024,778,480],gh:[935,875,851,600],type:'carousel',justify:'',layout:'fullwidth',mh:\"0\"});\n\t\t\t\t\tvar\trevapi1,\n\t\t\t\t\t\ttpj;\n\t\t\t\t\tfunction revinit_revslider11() {\n\t\t\t\t\tjQuery(function() {\n\t\t\t\t\t\ttpj = jQuery;\n\t\t\t\t\t\trevapi1 = tpj(\"#rev_slider_1_1\");\n\t\t\t\t\t\tif(revapi1==undefined || revapi1.revolution == undefined){\n\t\t\t\t\t\t\trevslider_showDoubleJqueryError(\"rev_slider_1_1\");\n\t\t\t\t\t\t}else{\n\t\t\t\t\t\t\trevapi1.revolution({\n\t\t\t\t\t\t\t\tsliderType:\"carousel\",\n\t\t\t\t\t\t\t\tsliderLayout:\"fullwidth\",\n\t\t\t\t\t\t\t\tvisibilityLevels:\"1240,1024,778,480\",\n\t\t\t\t\t\t\t\tgridwidth:\"1240,1024,778,480\",\n\t\t\t\t\t\t\t\tgridheight:\"935,875,851,600\",\n\t\t\t\t\t\t\t\toverflowHidden:true,\n\t\t\t\t\t\t\t\tperspective:600,\n\t\t\t\t\t\t\t\tperspectiveType:\"global\",\n\t\t\t\t\t\t\t\teditorheight:\"935,875,851,600\",\n\t\t\t\t\t\t\t\tresponsiveLevels:\"1240,1024,778,480\",\n\t\t\t\t\t\t\t\tcarousel: {\n\t\t\t\t\t\t\t\t\tinfinity:true,\n\t\t\t\t\t\t\t\t\tjustifyMaxWidth:true,\n\t\t\t\t\t\t\t\t\tmaxVisibleItems:1,\n\t\t\t\t\t\t\t\t\tfadeout:false\n\t\t\t\t\t\t\t\t},\n\t\t\t\t\t\t\t\tprogressBar:{disableProgressBar:true},\n\t\t\t\t\t\t\t\tnavigation: {\n\t\t\t\t\t\t\t\t\tonHoverStop:false\n\t\t\t\t\t\t\t\t},\n\t\t\t\t\t\t\t\tfallbacks: {\n\t\t\t\t\t\t\t\t\tallowHTML5AutoPlayOnAndroid:true\n\t\t\t\t\t\t\t\t},\n\t\t\t\t\t\t\t});\n\t\t\t\t\t\t}\n\t\t\t\t\t\t\n\t\t\t\t\t});\n\t\t\t\t\t} \/\/ End of RevInitScript\n\t\t\t\tvar once_revslider11 = false;\n\t\t\t\tif (document.readyState === \"loading\") {document.addEventListener('readystatechange',function() { if((document.readyState === \"interactive\" || document.readyState === \"complete\") && !once_revslider11 ) { once_revslider11 = true; revinit_revslider11();}});} else {once_revslider11 = true; revinit_revslider11();}\n\t\t\t\t<\/script>\n\t\t\t<\/rs-module-wrap>\n\t\t\t<!-- END REVOLUTION SLIDER -->\n\n\t<div class=\"wpb_raw_code wpb_content_element wpb_raw_html\" >\n\t\t<div class=\"wpb_wrapper\">\n\t\t\t<div class=\"sigma_subheader-shape waves\">\n      <div class=\"wave\" style=\"z-index: 1;\"><\/div>\n      <div class=\"wave\" style=\"z-index: 1;\"><\/div>\n    <\/div>\n\t\t<\/div>\n\t<\/div>\n<\/div><\/div><\/div><\/div><div class=\"vc_row-full-width vc_clearfix\"><\/div><div class=\"vc_row wpb_row vc_row-fluid vc_custom_1668691084282 sigma-bg-color-transparent sigma-background-position-left-top sigma-title-color-default vc_row-o-equal-height vc_row-o-content-middle vc_row-flex\"><div class=\"wpb_column vc_column_container vc_col-sm-12 sigma-bg-color-transparent sigma-background-position-left-top sigma-title-color-default\"><div class=\"vc_column-inner\"><div class=\"wpb_wrapper\">\n\t\t<div id=my_home_intro class=\"sigma_custom_heading_wrapper sigma-custom-heading-1053132989 sigma-shortcode-wrapper custom-heading-style-6 subtitle-text-uppercase title-text- text-center mb-0 my_text_shadow  vc_custom_1668690612168\">\n\n\t\t\t<div class=\"section-title sigma-custom-heading-wrapper\">\n\t\t\t\t<h2 class=\"heading-title\">\n\t\t\tLUXURY JERSEY\t\t\t<\/h2>\n\t\t  <\/div>\n\n\t\t<\/div>\n\n\t\t<div class=\"vc_empty_space\"   style=\"height: 32px\"><span class=\"vc_empty_space_inner\"><\/span><\/div><\/div><\/div><\/div><div class=\"wpb_column vc_column_container vc_col-sm-12 vc_col-lg-7 vc_col-md-7 sigma-bg-color-transparent sigma-background-position-left-top sigma-title-color-default\"><div class=\"vc_column-inner vc_custom_1607683979840 vc_custom_1607683979842 vc_custom_1607683979843\"><div class=\"wpb_wrapper\">\n\t<div class=\"wpb_text_column wpb_content_element  vc_custom_1668156272433\" >\n\t\t<div class=\"wpb_wrapper\">\n\t\t\t<p>La Luxury Jersey nasce nel 2011 su intuizione dell\u2019Ing. Federico Boselli come erede della cultura tessile della famiglia Boselli, la cui presenza, tramandata per via femminile nella sede storica di Garbagnate Monastero, risale fino al 16\u00b0 secolo, quando si inizi\u00f2 la produzione della seta.<\/p>\n<p>L\u2019attivit\u00e0 aziendale consiste nella produzione di tessuti a maglia di alto livello creativo e qualitativo, destinati agli stilisti e alle case di moda del pr\u00eat-\u00e0-porter, specificatamente operanti nella fascia del lusso e del design.<br \/>\nLa strategia si basa sulla creazione di tessuti unici, la cui ideazione e sviluppo vengono seguiti direttamente da un team interno mettendo a frutto una specifica trentennale esperienza nel settore: la collezione \u00e8 costituita da articoli caratterizzati da un elevato contenuto creativo e tecnologico, proposti in base alle tendenze della moda ed alle esigenze e richieste dei clienti.<\/p>\n<p>Quella della Luxury Jersey \u00e8 una produzione realizzata con una filiera di gran qualit\u00e0 ed affidabilit\u00e0 esclusivamente italiana, a partire dalla materia prima sino all\u2019esecuzione delle speciali lavorazioni di realizzazione dei tessuti, basata sul concetto di creativit\u00e0 tecnologica.<\/p>\n<p>Luxury Jersey \u00e8 una societ\u00e0 a capitale italiano fautrice del pi\u00f9 rigoroso Made in Italy, che contribuisce a realizzare, con i leader della moda, prodotti \u201cbelli e ben fatti\u201d.<\/p>\n\n\t\t<\/div>\n\t<\/div>\n\n\t<div class=\"wpb_raw_code wpb_content_element wpb_raw_html vc_custom_1662026682854\" >\n\t\t<div class=\"wpb_wrapper\">\n\t\t\t<div class=\"sigma_dots dots-2 primary d-none d-lg-block\"\nstyle=\"bottom: 80px;\n    position: absolute;\n    top: auto;\n    left: 0;\n    width: 100px;\n    background-image: radial-gradient(rgb(3, 198, 222) 1px,transparent 1px),radial-gradient(rgb(3, 198, 222) 1px,transparent 1px) !important;\"\n><\/div>\n\t\t<\/div>\n\t<\/div>\n<\/div><\/div><\/div><div class=\"wpb_column vc_column_container vc_col-sm-12 vc_col-lg-5 vc_col-md-5 sigma-bg-color-transparent sigma-background-position-left-top sigma-title-color-default\"><div class=\"vc_column-inner\"><div class=\"wpb_wrapper\">\t\t<div  class=\"sigma_gallery_wrapper sigma-gallery-1728743425 sigma-shortcode-wrapper gallery-style-1\">\n\t\t\t<div class=\"gallery-loop\">\n            <div class=\"single-gallery-image\">\n                <a href=\"https:\/\/luxuryjersey.info\/wp-content\/uploads\/2022\/11\/50R1156.jpeg\" class=\"popup-image\">\n                    <img decoding=\"async\" src=\"https:\/\/luxuryjersey.info\/wp-content\/uploads\/2022\/11\/50R1156.jpeg\" alt=\"Images\">\n                <\/a>\n            <\/div>\n            <div class=\"single-gallery-image\">\n                <a href=\"https:\/\/luxuryjersey.info\/wp-content\/uploads\/2022\/11\/50R1155.jpeg\" class=\"popup-image\">\n                    <img decoding=\"async\" src=\"https:\/\/luxuryjersey.info\/wp-content\/uploads\/2022\/11\/50R1155.jpeg\" alt=\"Images\">\n                <\/a>\n            <\/div>\n            <div class=\"single-gallery-image\">\n                <a href=\"https:\/\/luxuryjersey.info\/wp-content\/uploads\/2022\/11\/50R1160.jpeg\" class=\"popup-image\">\n                    <img decoding=\"async\" src=\"https:\/\/luxuryjersey.info\/wp-content\/uploads\/2022\/11\/50R1160.jpeg\" alt=\"Images\">\n                <\/a>\n            <\/div>\n<\/div>\n\t\t<\/div>\n\t\t<\/div><\/div><\/div><\/div><div class=\"vc_row wpb_row vc_row-fluid sigma-bg-color-transparent sigma-background-position-left-top sigma-title-color-default\"><div class=\"wpb_column vc_column_container vc_col-sm-12 sigma-bg-color-transparent sigma-background-position-left-top sigma-title-color-default\"><div class=\"vc_column-inner\"><div class=\"wpb_wrapper\"><div class=\"vc_empty_space\"   style=\"height: 32px\"><span class=\"vc_empty_space_inner\"><\/span><\/div><\/div><\/div><\/div><\/div>\n","protected":false},"excerpt":{"rendered":"Luxury Jersey Sostenibilit\u00e0e Innovazione \"le nuove interpretazioni del Jersey\" LUXURY JERSEY La Luxury Jersey nasce nel 2011 su intuizione dell\u2019Ing. Federico Boselli come erede della cultura tessile della famiglia Boselli, la cui presenza, tramandata per via femminile nella sede storica di Garbagnate Monastero, risale fino al 16\u00b0 secolo, quando si inizi\u00f2 la produzione della seta. [...]","protected":false},"author":1,"featured_media":0,"parent":0,"menu_order":0,"comment_status":"closed","ping_status":"closed","template":"","meta":{"footnotes":""},"class_list":["post-227","page","type-page","status-publish","hentry"],"_links":{"self":[{"href":"https:\/\/luxuryjersey.info\/en\/wp-json\/wp\/v2\/pages\/227","targetHints":{"allow":["GET"]}}],"collection":[{"href":"https:\/\/luxuryjersey.info\/en\/wp-json\/wp\/v2\/pages"}],"about":[{"href":"https:\/\/luxuryjersey.info\/en\/wp-json\/wp\/v2\/types\/page"}],"author":[{"embeddable":true,"href":"https:\/\/luxuryjersey.info\/en\/wp-json\/wp\/v2\/users\/1"}],"replies":[{"embeddable":true,"href":"https:\/\/luxuryjersey.info\/en\/wp-json\/wp\/v2\/comments?post=227"}],"version-history":[{"count":140,"href":"https:\/\/luxuryjersey.info\/en\/wp-json\/wp\/v2\/pages\/227\/revisions"}],"predecessor-version":[{"id":1387,"href":"https:\/\/luxuryjersey.info\/en\/wp-json\/wp\/v2\/pages\/227\/revisions\/1387"}],"wp:attachment":[{"href":"https:\/\/luxuryjersey.info\/en\/wp-json\/wp\/v2\/media?parent=227"}],"curies":[{"name":"wp","href":"https:\/\/api.w.org\/{rel}","templated":true}]}}