{"id":236,"date":"2020-12-11T11:27:49","date_gmt":"2020-12-11T11:27:49","guid":{"rendered":"http:\/\/slidesigma.com\/themes\/wp\/blacky\/?page_id=236"},"modified":"2023-01-26T17:54:37","modified_gmt":"2023-01-26T16:54:37","slug":"about-us","status":"publish","type":"page","link":"https:\/\/luxuryjersey.info\/en\/about-us\/","title":{"rendered":"Who we are"},"content":{"rendered":"<div class=\"vc_row wpb_row vc_row-fluid vc_custom_1607754385700 vc_custom_1607754385704 sigma-bg-color-transparent sigma-background-position-left-top sigma-title-color-default\"><div class=\"wpb_column vc_column_container vc_col-sm-6 vc_col-lg-4 vc_col-md-4 sigma-bg-color-transparent sigma-background-position-left-top sigma-title-color-default\"><div class=\"vc_column-inner\"><div class=\"wpb_wrapper\">\n\t<div class=\"wpb_raw_code wpb_content_element wpb_raw_html vc_custom_1607688242377\" >\n\t\t<div class=\"wpb_wrapper\">\n\t\t\t<div class=\"sigma_dots dots-1 secondary d-none d-lg-block\" style=\"top: -250px;\"><\/div>\n\t\t<\/div>\n\t<\/div>\n<\/div><\/div><\/div><div class=\"wpb_column vc_column_container vc_col-sm-12 vc_col-lg-8 vc_col-md-8 sigma-bg-color-transparent sigma-background-position-left-top sigma-title-color-default\"><div class=\"vc_column-inner\"><div class=\"wpb_wrapper\"><\/div><\/div><\/div><\/div><div class=\"vc_row wpb_row vc_row-fluid vc_custom_1668691525637 vc_custom_1668691525638 sigma-bg-color-transparent sigma-background-position-left-top sigma-title-color-default vc_row-o-equal-height vc_row-o-content-middle vc_row-flex\"><div class=\"wpb_column vc_column_container vc_col-sm-12 vc_col-lg-5 vc_col-md-5 sigma-bg-color-transparent sigma-background-position-left-top sigma-title-color-default\"><div class=\"vc_column-inner  vc_custom_1607609050848\"><div class=\"wpb_wrapper\">\t\t<div  class=\"sigma_gallery_wrapper sigma-gallery-268941378 sigma-shortcode-wrapper gallery-style-1\">\n\t\t\t<div class=\"gallery-loop\">\n            <div class=\"single-gallery-image\">\n                <a href=\"https:\/\/luxuryjersey.info\/wp-content\/uploads\/2022\/11\/fede-cavagliere.jpeg\" class=\"popup-image\">\n                    <img decoding=\"async\" src=\"https:\/\/luxuryjersey.info\/wp-content\/uploads\/2022\/11\/fede-cavagliere.jpeg\" alt=\"Images\">\n                <\/a>\n            <\/div>\n            <div class=\"single-gallery-image\">\n                <a href=\"https:\/\/luxuryjersey.info\/wp-content\/uploads\/2022\/11\/IMG_8250.jpeg\" class=\"popup-image\">\n                    <img decoding=\"async\" src=\"https:\/\/luxuryjersey.info\/wp-content\/uploads\/2022\/11\/IMG_8250.jpeg\" alt=\"Images\">\n                <\/a>\n            <\/div>\n            <div class=\"single-gallery-image\">\n                <a href=\"https:\/\/luxuryjersey.info\/wp-content\/uploads\/2022\/11\/IMG_8261.jpeg\" class=\"popup-image\">\n                    <img decoding=\"async\" src=\"https:\/\/luxuryjersey.info\/wp-content\/uploads\/2022\/11\/IMG_8261.jpeg\" alt=\"Images\">\n                <\/a>\n            <\/div>\n            <div class=\"single-gallery-image\">\n                <a href=\"https:\/\/luxuryjersey.info\/wp-content\/uploads\/2022\/11\/IMG_8291.jpeg\" class=\"popup-image\">\n                    <img decoding=\"async\" src=\"https:\/\/luxuryjersey.info\/wp-content\/uploads\/2022\/11\/IMG_8291.jpeg\" alt=\"Images\">\n                <\/a>\n            <\/div>\n            <div class=\"single-gallery-image\">\n                <a href=\"https:\/\/luxuryjersey.info\/wp-content\/uploads\/2022\/11\/foto-famiglia-Boselli_page-0001.jpg\" class=\"popup-image\">\n                    <img decoding=\"async\" src=\"https:\/\/luxuryjersey.info\/wp-content\/uploads\/2022\/11\/foto-famiglia-Boselli_page-0001.jpg\" alt=\"Images\">\n                <\/a>\n            <\/div>\n<\/div>\n\t\t<\/div>\n\t\t<\/div><\/div><\/div><div class=\"wpb_column vc_column_container vc_col-sm-12 vc_col-lg-7 vc_col-md-7 sigma-bg-color-transparent sigma-background-position-left-top sigma-title-color-default\"><div class=\"vc_column-inner vc_custom_1607608967954 vc_custom_1607608967956 vc_custom_1607608967957\"><div class=\"wpb_wrapper\">\n\t<div class=\"wpb_text_column wpb_content_element\" >\n\t\t<div class=\"wpb_wrapper\">\n\t\t\t<p>La Famiglia Boselli e l\u2019attivit\u00e0 tessile sono strettamente legati a Garbagnate Monastero ove, sin dal 1586, ci sono evidenze della lavorazione della seta. I bozzoli venivano coltivati dai contadini della zona e, una volta cresciuti, venivano portati alla filanda di Garbagnate per essere lavorati e ricavarne il prezioso filo di seta. L\u2019attivit\u00e0 si \u00e8 nel tempo evoluta secondo i ritmi della rivoluzione industriale portando la struttura immobiliare all\u2019aspetto attuale. Nel 1950 Carlo Boselli abbandona la lavorazione della seta per impostare quella delle materie sintetiche e soprattutto quella della viscosa, ai tempi considerata la \u201cseta artificiale\u201d.<\/p>\n<p>Scomparso prematuramente, lascia il timone dell&#8217;azienda al figlio Mario Boselli, che amplia l\u2019attivit\u00e0 aziendale aggiungendo alla torcitura quella della tessitura a maglia, della tintura, stampa e finissaggio, creando cos\u00ec il \u201cgruppo Marioboselli\u201d. Nel frattempo, oltre a seguire l\u2019attivit\u00e0 imprenditoriale, Mario ricopre importanti ruoli istituzionali, tra i quali quello di presidente di Federtessile, di Fiera di Milano, di Pitti Immagine, di Camera Nazionale della Moda (di cui \u00e8 attualmente presidente onorario) e molti altri ruoli di spicco in attivit\u00e0 finanziarie, presiedendo vari istituti bancari del gruppo Banca Popolare di Bergamo e Banca Intesa. Per i meriti conseguiti nel confronto dello Stato Italiano, \u00e8 stato nominato Cavaliere del Lavoro e Cavaliere di Gran Croce, nonch\u00e9 da parte dello Stato Francese Commandeur de Ordre national de la L\u00e9gion d\u2019honneur.<\/p>\n<p>Nel 2009 l\u2019intero gruppo Marioboselli viene venduto ad un fondo di private equity che, dopo alterne vicende, terminer\u00e0 la sua attivit\u00e0, cui seguir\u00e0 lo smembramento delle varie aziende del gruppo.<br \/>\nNel 2011, l\u2019Ing Federico Boselli continuando la tradizione di famiglia, risalente al 1600, fonder\u00e0 insieme alla moglie Ilaria Bottio ed alla Signora Elisabetta Proserpio, nella storica sede di Garbagnate Monastero, la Luxury Jersey srl.<\/p>\n\n\t\t<\/div>\n\t<\/div>\n\n\t<div class=\"wpb_raw_code wpb_content_element wpb_raw_html vc_custom_1607688393375\" >\n\t\t<div class=\"wpb_wrapper\">\n\t\t\t<div class=\"sigma_dots dots-2 primary d-none d-lg-block\" style=\"    left: auto;    right: 0;    top: auto;    bottom: 110px;    width: 100px;\"><\/div>\n\t\t<\/div>\n\t<\/div>\n<\/div><\/div><\/div><\/div><div class=\"vc_row wpb_row vc_row-fluid sigma-bg-color-transparent sigma-background-position-left-top sigma-title-color-default\"><div class=\"wpb_column vc_column_container vc_col-sm-4 sigma-bg-color-transparent sigma-background-position-left-top sigma-title-color-default\"><div class=\"vc_column-inner\"><div class=\"wpb_wrapper\">\t\t<div id=\"link_creativita\" class=\"sigma_infobox_wrapper sigma-infobox-1035295305 sigma-shortcode-wrapper icon-type-image infobox-style-8 infobox-left infobox-light\">\n\t\t\t            <div class=\"sigma_icon-block icon-block-5\">\n                                <div class=\"icon-wrapper\">\n                                        <img decoding=\"async\" src=\"https:\/\/luxuryjersey.info\/wp-content\/uploads\/2020\/12\/info-1.png\" alt=\"Icon\">\n                                        <\/div>\n                                <div class=\"sigma_icon-block-content\">\n                                <h5> <a href=\"https:\/\/luxuryjersey.info\/en\/creativita\/\">Creativit\u00e0<\/a><\/h5>\n                              <\/div>\n            <\/div>\n\t\t<\/div>\n\t\t<\/div><\/div><\/div><div class=\"wpb_column vc_column_container vc_col-sm-4 sigma-bg-color-transparent sigma-background-position-left-top sigma-title-color-default\"><div class=\"vc_column-inner\"><div class=\"wpb_wrapper\">\t\t<div id=\"link_tecnologia\" class=\"sigma_infobox_wrapper sigma-infobox-238815653 sigma-shortcode-wrapper icon-type-image infobox-style-8 infobox-left infobox-light\">\n\t\t\t            <div class=\"sigma_icon-block icon-block-5\">\n                                <div class=\"icon-wrapper\">\n                                        <img decoding=\"async\" src=\"https:\/\/luxuryjersey.info\/wp-content\/uploads\/2020\/12\/info-2.png\" alt=\"Icon\">\n                                        <\/div>\n                                <div class=\"sigma_icon-block-content\">\n                                <h5> <a href=\"https:\/\/luxuryjersey.info\/en\/tecnologia\/\">Technology<\/a><\/h5>\n                              <\/div>\n            <\/div>\n\t\t<\/div>\n\t\t<\/div><\/div><\/div><div class=\"wpb_column vc_column_container vc_col-sm-4 sigma-bg-color-transparent sigma-background-position-left-top sigma-title-color-default\"><div class=\"vc_column-inner\"><div class=\"wpb_wrapper\">\t\t<div id=\"link_qualita\" class=\"sigma_infobox_wrapper sigma-infobox-1665353305 sigma-shortcode-wrapper icon-type-image infobox-style-8 infobox-left infobox-light\">\n\t\t\t            <div class=\"sigma_icon-block icon-block-5\">\n                                <div class=\"icon-wrapper\">\n                                        <img decoding=\"async\" src=\"https:\/\/luxuryjersey.info\/wp-content\/uploads\/2020\/12\/info-3.png\" alt=\"Icon\">\n                                        <\/div>\n                                <div class=\"sigma_icon-block-content\">\n                                <h5> <a href=\"https:\/\/luxuryjersey.info\/en\/qualita\/\">Qualit\u00e0<\/a><\/h5>\n                              <\/div>\n            <\/div>\n\t\t<\/div>\n\t\t<\/div><\/div><\/div><\/div><div class=\"vc_row wpb_row vc_row-fluid sigma-bg-color-transparent sigma-background-position-left-top sigma-title-color-default\"><div class=\"wpb_column vc_column_container vc_col-sm-12 sigma-bg-color-transparent sigma-background-position-left-top sigma-title-color-default\"><div class=\"vc_column-inner\"><div class=\"wpb_wrapper\"><div class=\"vc_empty_space\"   style=\"height: 32px\"><span class=\"vc_empty_space_inner\"><\/span><\/div><\/div><\/div><\/div><\/div>","protected":false},"excerpt":{"rendered":"La Famiglia Boselli e l\u2019attivit\u00e0 tessile sono strettamente legati a Garbagnate Monastero ove, sin dal 1586, ci sono evidenze della lavorazione della seta. I bozzoli venivano coltivati dai contadini della zona e, una volta cresciuti, venivano portati alla filanda di Garbagnate per essere lavorati e ricavarne il prezioso filo di seta. L\u2019attivit\u00e0 si \u00e8 nel [...]","protected":false},"author":1,"featured_media":0,"parent":0,"menu_order":0,"comment_status":"closed","ping_status":"closed","template":"","meta":{"footnotes":""},"class_list":["post-236","page","type-page","status-publish","hentry"],"_links":{"self":[{"href":"https:\/\/luxuryjersey.info\/en\/wp-json\/wp\/v2\/pages\/236","targetHints":{"allow":["GET"]}}],"collection":[{"href":"https:\/\/luxuryjersey.info\/en\/wp-json\/wp\/v2\/pages"}],"about":[{"href":"https:\/\/luxuryjersey.info\/en\/wp-json\/wp\/v2\/types\/page"}],"author":[{"embeddable":true,"href":"https:\/\/luxuryjersey.info\/en\/wp-json\/wp\/v2\/users\/1"}],"replies":[{"embeddable":true,"href":"https:\/\/luxuryjersey.info\/en\/wp-json\/wp\/v2\/comments?post=236"}],"version-history":[{"count":34,"href":"https:\/\/luxuryjersey.info\/en\/wp-json\/wp\/v2\/pages\/236\/revisions"}],"predecessor-version":[{"id":1395,"href":"https:\/\/luxuryjersey.info\/en\/wp-json\/wp\/v2\/pages\/236\/revisions\/1395"}],"wp:attachment":[{"href":"https:\/\/luxuryjersey.info\/en\/wp-json\/wp\/v2\/media?parent=236"}],"curies":[{"name":"wp","href":"https:\/\/api.w.org\/{rel}","templated":true}]}}